{"id":1209,"date":"2021-05-30T14:08:16","date_gmt":"2021-05-30T13:08:16","guid":{"rendered":"https:\/\/treesurgeon.wordifysites.com\/?page_id=2"},"modified":"2025-10-20T16:46:23","modified_gmt":"2025-10-20T13:46:23","slug":"anasayfa","status":"publish","type":"page","link":"https:\/\/ayilac.com.tr\/en\/","title":{"rendered":"Home"},"content":{"rendered":"<div class=\"gb-container gb-container-09110cca\">\n<section class=\"gb-container gb-container-e3a83794\">\n<div class=\"gb-container gb-container-933452f0\">\n<div class=\"gb-container gb-container-13f30957\">\n<div class=\"gb-container gb-container-0a0d448b\">\n\n<h1 class=\"gb-headline gb-headline-6d0434ca gb-headline-text\" data-sal=\"flip-up\" data-sal-delay=\"300\" data-sal-easing=\"easeOutQuart\" data-sal-duration=\"1000\">Continue to efficiency <br>with the formula of innovation.<\/h1>\n\n\n\n<p class=\"gb-headline gb-headline-c4891def gb-headline-text\" data-sal=\"flip-up\" data-sal-easing=\"easeOutQuart\" data-sal-duration=\"1000\" data-sal-delay=\"400\">Since July 2021, as Ay \u0130la\u00e7 ve Veteriner \u00dcr\u00fcnleri, <br>we have been leading the animal health sector with high-standard animal feeding, biocidal <br>and environmental health products. <br>We offer innovative, sustainable, and efficiency-focused animal feeding and <br>biocidal environmental health approaches in collaboration with our global partners.<\/p>\n\n<\/div>\n<\/div>\n<\/div>\n<div class=\"gb-shapes\"><div class=\"gb-shape gb-shape-1\"><svg xmlns=\"http:\/\/www.w3.org\/2000\/svg\" viewbox=\"0 0 1200 194.3\" preserveaspectratio=\"none\"><path d=\"M1200 133.3l-50 8.9c-50 8.6-150 26.9-250 31.1-100 4.2-200-4.2-300-26.7S400 89.2 300 62.2C200 35.8 100 17.5 50 8.9L0 0v194.3h1200v-61z\"\/><\/svg><\/div><\/div><\/section>\n<\/div>\n\n<div class=\"gb-container gb-container-fbdaea7e\">\n<div class=\"gb-grid-wrapper gb-grid-wrapper-3a06e02a\">\n<div class=\"gb-grid-column gb-grid-column-a3d5a0e5\"><div class=\"gb-container gb-container-a3d5a0e5\">\n\n<h2 class=\"gb-headline gb-headline-a72c6f04 gb-headline-text\">Global Business Partners<\/h2>\n\n\n\n<h6 class=\"gb-headline gb-headline-9a4185a0 gb-headline-text\">The global experience of our partners in animal health and environmental health combines with <mark style=\"background-color:rgba(0, 0, 0, 0)\" class=\"has-inline-color has-contrast-4-color\">with Ay \u0130la\u00e7's<\/mark> local expertise. <\/h6>\n\n\n\n<a class=\"gb-button gb-button-0dc954f1 gb-button-text\" href=\"https:\/\/ayilac.com.tr\/en\/iletisim\/\">Contact<\/a>\n\n<\/div><\/div>\n\n<div class=\"gb-grid-column gb-grid-column-77778798\"><div class=\"gb-container gb-container-77778798\">\n<div class=\"gb-grid-wrapper gb-grid-wrapper-1ca0f5e7\">\n<div class=\"gb-grid-column gb-grid-column-79fbd5d2\"><div class=\"gb-container gb-container-79fbd5d2\">\n\n<figure class=\"gb-block-image gb-block-image-c7979c0f\"><img loading=\"lazy\" decoding=\"async\" width=\"225\" height=\"225\" class=\"gb-image gb-image-c7979c0f hover-card\" src=\"https:\/\/ayilac.ahmetbk.com\/wp-content\/uploads\/2024\/11\/images-2.png\" alt=\"\" title=\"images (2)\" srcset=\"https:\/\/ayilac.com.tr\/wp-content\/uploads\/2024\/11\/images-2.png 225w, https:\/\/ayilac.com.tr\/wp-content\/uploads\/2024\/11\/images-2-150x150.png 150w\" sizes=\"auto, (max-width: 225px) 100vw, 225px\" \/><\/figure>\n\n<\/div><\/div>\n<\/div>\n<\/div><\/div>\n<\/div>\n<\/div>\n\n<div class=\"gb-container gb-container-8c96c30c\">\n<div class=\"gb-container gb-container-5b4df8c7\">\n<div class=\"gb-container gb-container-7881267b\">\n\n<div class=\"gb-headline gb-headline-1efbe1ba gb-headline-text\">ABOUT<\/div>\n\n\n\n<h2 class=\"gb-headline gb-headline-adbaa67e gb-headline-text\">Why Ay \u0130la\u00e7 ve Veteriner \u00dcr\u00fcnleri<\/h2>\n\n\n\n<h6 class=\"gb-headline gb-headline-114b8edc gb-headline-text\">With our products produced to high-quality standards, we enhance animal health and operational efficiency at every step, offering sustainable solutions. With our reliable distribution network and strong customer support, we are always by your side, meeting your business needs in the fastest and most effective way. We continue to provide our support for your long-term success.<\/h6>\n\n<\/div>\n\n<div class=\"gb-container gb-container-266a9e09\">\n<div class=\"gb-grid-wrapper gb-grid-wrapper-d20800aa\">\n<div class=\"gb-grid-column gb-grid-column-dfb49a0f\"><div class=\"gb-container gb-container-dfb49a0f\">\n\n<h4 class=\"gb-headline gb-headline-3997a2f2\"><span class=\"gb-icon\"><svg aria-hidden=\"true\" role=\"img\" height=\"1em\" width=\"1em\" viewbox=\"0 0 512 512\" xmlns=\"http:\/\/www.w3.org\/2000\/svg\"><path fill=\"currentColor\" d=\"M504 256c0 136.967-111.033 248-248 248S8 392.967 8 256 119.033 8 256 8s248 111.033 248 248zM227.314 387.314l184-184c6.248-6.248 6.248-16.379 0-22.627l-22.627-22.627c-6.248-6.249-16.379-6.249-22.628 0L216 308.118l-70.059-70.059c-6.248-6.248-16.379-6.248-22.628 0l-22.627 22.627c-6.248 6.248-6.248 16.379 0 22.627l104 104c6.249 6.249 16.379 6.249 22.628.001z\"><\/path><\/svg><\/span><span class=\"gb-headline-text\">Collaboration with R&amp;D-Focused Global Companies<\/span><\/h4>\n\n\n\n<p class=\"gb-headline gb-headline-db64dbe0 gb-headline-text\">Our products are innovative solutions developed as a result of extensive R&amp;D investments, successfully used in the field for many years, and aim to increase operational profitability.<br><br><\/p>\n\n<\/div><\/div>\n\n<div class=\"gb-grid-column gb-grid-column-544db404\"><div class=\"gb-container gb-container-544db404\">\n<div class=\"gb-container gb-container-56b558f5\">\n\n<figure class=\"gb-block-image gb-block-image-9165e8fc\"><img loading=\"lazy\" decoding=\"async\" width=\"2560\" height=\"1707\" class=\"gb-image gb-image-9165e8fc\" src=\"https:\/\/ayilac.com.tr\/wp-content\/uploads\/2025\/01\/ay-ilac-global.jpg\" alt=\"\" title=\"ay-ilac-global\" srcset=\"https:\/\/ayilac.com.tr\/wp-content\/uploads\/2025\/01\/ay-ilac-global.jpg 2560w, https:\/\/ayilac.com.tr\/wp-content\/uploads\/2025\/01\/ay-ilac-global-300x200.jpg 300w, https:\/\/ayilac.com.tr\/wp-content\/uploads\/2025\/01\/ay-ilac-global-1024x683.jpg 1024w, https:\/\/ayilac.com.tr\/wp-content\/uploads\/2025\/01\/ay-ilac-global-768x512.jpg 768w, https:\/\/ayilac.com.tr\/wp-content\/uploads\/2025\/01\/ay-ilac-global-1536x1024.jpg 1536w, https:\/\/ayilac.com.tr\/wp-content\/uploads\/2025\/01\/ay-ilac-global-2048x1366.jpg 2048w, https:\/\/ayilac.com.tr\/wp-content\/uploads\/2025\/01\/ay-ilac-global-18x12.jpg 18w\" sizes=\"auto, (max-width: 2560px) 100vw, 2560px\" \/><\/figure>\n\n<\/div>\n<\/div><\/div>\n<\/div>\n<\/div>\n\n<div class=\"gb-container gb-container-291f001b\">\n<div class=\"gb-grid-wrapper gb-grid-wrapper-0de878c2\">\n<div class=\"gb-grid-column gb-grid-column-0b4c3e85\"><div class=\"gb-container gb-container-0b4c3e85\">\n\n<figure class=\"gb-block-image gb-block-image-93c0673f\"><img loading=\"lazy\" decoding=\"async\" width=\"2560\" height=\"1707\" class=\"gb-image gb-image-93c0673f\" src=\"https:\/\/ayilac.com.tr\/wp-content\/uploads\/2025\/01\/musteri-memnuniyeti.jpg\" alt=\"\" title=\"musteri-memnuniyeti\" srcset=\"https:\/\/ayilac.com.tr\/wp-content\/uploads\/2025\/01\/musteri-memnuniyeti.jpg 2560w, https:\/\/ayilac.com.tr\/wp-content\/uploads\/2025\/01\/musteri-memnuniyeti-300x200.jpg 300w, https:\/\/ayilac.com.tr\/wp-content\/uploads\/2025\/01\/musteri-memnuniyeti-1024x683.jpg 1024w, https:\/\/ayilac.com.tr\/wp-content\/uploads\/2025\/01\/musteri-memnuniyeti-768x512.jpg 768w, https:\/\/ayilac.com.tr\/wp-content\/uploads\/2025\/01\/musteri-memnuniyeti-1536x1024.jpg 1536w, https:\/\/ayilac.com.tr\/wp-content\/uploads\/2025\/01\/musteri-memnuniyeti-2048x1366.jpg 2048w, https:\/\/ayilac.com.tr\/wp-content\/uploads\/2025\/01\/musteri-memnuniyeti-18x12.jpg 18w\" sizes=\"auto, (max-width: 2560px) 100vw, 2560px\" \/><\/figure>\n\n<\/div><\/div>\n\n<div class=\"gb-grid-column gb-grid-column-677d4b17\"><div class=\"gb-container gb-container-677d4b17\">\n\n<h4 class=\"gb-headline gb-headline-3d8b3149\"><span class=\"gb-icon\"><svg aria-hidden=\"true\" role=\"img\" height=\"1em\" width=\"1em\" viewbox=\"0 0 384 512\" xmlns=\"http:\/\/www.w3.org\/2000\/svg\"><path fill=\"currentColor\" d=\"M172.268 501.67C26.97 291.031 0 269.413 0 192 0 85.961 85.961 0 192 0s192 85.961 192 192c0 77.413-26.97 99.031-172.268 309.67-9.535 13.774-29.93 13.773-39.464 0zM192 272c44.183 0 80-35.817 80-80s-35.817-80-80-80-80 35.817-80 80 35.817 80 80 80z\"><\/path><\/svg><\/span><span class=\"gb-headline-text\">Customer-Focused Approach<\/span><\/h4>\n\n\n\n<p class=\"gb-headline gb-headline-caddcbf6 gb-headline-text\">With our consultancy services, we help you choose the most suitable products for your needs and guarantee success by providing uninterrupted support at every stage of the process.<br><\/p>\n\n<\/div><\/div>\n<\/div>\n<\/div>\n\n<div class=\"gb-container gb-container-4cae055e\">\n<div class=\"gb-grid-wrapper gb-grid-wrapper-517bc7e4\">\n<div class=\"gb-grid-column gb-grid-column-4eff8e33\"><div class=\"gb-container gb-container-4eff8e33\">\n\n<h4 class=\"gb-headline gb-headline-41ed3f42\"><span class=\"gb-icon\"><svg aria-hidden=\"true\" role=\"img\" height=\"1em\" width=\"1em\" viewbox=\"0 0 640 512\" xmlns=\"http:\/\/www.w3.org\/2000\/svg\"><path fill=\"currentColor\" d=\"M497.941 225.941L286.059 14.059A48 48 0 0 0 252.118 0H48C21.49 0 0 21.49 0 48v204.118a48 48 0 0 0 14.059 33.941l211.882 211.882c18.744 18.745 49.136 18.746 67.882 0l204.118-204.118c18.745-18.745 18.745-49.137 0-67.882zM112 160c-26.51 0-48-21.49-48-48s21.49-48 48-48 48 21.49 48 48-21.49 48-48 48zm513.941 133.823L421.823 497.941c-18.745 18.745-49.137 18.745-67.882 0l-.36-.36L527.64 323.522c16.999-16.999 26.36-39.6 26.36-63.64s-9.362-46.641-26.36-63.64L331.397 0h48.721a48 48 0 0 1 33.941 14.059l211.882 211.882c18.745 18.745 18.745 49.137 0 67.882z\"><\/path><\/svg><\/span><span class=\"gb-headline-text\">Product Variety<\/span><\/h4>\n\n\n\n<p class=\"gb-headline gb-headline-1b79a799 gb-headline-text\">Our extensive product catalog offers effective and sustainable solutions carefully developed to protect animal health and environmental health.<\/p>\n\n<\/div><\/div>\n\n<div class=\"gb-grid-column gb-grid-column-1713f1ef\"><div class=\"gb-container gb-container-1713f1ef\">\n\n<figure class=\"gb-block-image gb-block-image-6abee43e\"><img loading=\"lazy\" decoding=\"async\" width=\"2560\" height=\"1707\" class=\"gb-image gb-image-6abee43e\" src=\"https:\/\/ayilac.com.tr\/wp-content\/uploads\/2025\/01\/alpha-tab-c.jpg\" alt=\"\" title=\"alpha-tab-c\" srcset=\"https:\/\/ayilac.com.tr\/wp-content\/uploads\/2025\/01\/alpha-tab-c.jpg 2560w, https:\/\/ayilac.com.tr\/wp-content\/uploads\/2025\/01\/alpha-tab-c-300x200.jpg 300w, https:\/\/ayilac.com.tr\/wp-content\/uploads\/2025\/01\/alpha-tab-c-1024x683.jpg 1024w, https:\/\/ayilac.com.tr\/wp-content\/uploads\/2025\/01\/alpha-tab-c-768x512.jpg 768w, https:\/\/ayilac.com.tr\/wp-content\/uploads\/2025\/01\/alpha-tab-c-1536x1024.jpg 1536w, https:\/\/ayilac.com.tr\/wp-content\/uploads\/2025\/01\/alpha-tab-c-2048x1366.jpg 2048w, https:\/\/ayilac.com.tr\/wp-content\/uploads\/2025\/01\/alpha-tab-c-18x12.jpg 18w\" sizes=\"auto, (max-width: 2560px) 100vw, 2560px\" \/><\/figure>\n\n<\/div><\/div>\n<\/div>\n<\/div>\n<\/div>\n<\/div>\n\n<div class=\"gb-container gb-container-9dac3139 gbp-section\">\n<div class=\"gb-container gb-container-c26959ff gbp-section__inner\">\n<div class=\"gb-container gb-container-a608ab61\">\n\n<div class=\"gb-headline gb-headline-69bb09f2 gb-headline-text gbp-section__tagline\">OUR PRODUCTS<\/div>\n\n\n\n<h2 class=\"gb-headline gb-headline-fadaafe1 gb-headline-text gbp-section__headline\">Solutions Tailored to Your Needs<\/h2>\n\n<\/div>\n\n<div class=\"gb-container gb-container-b2e76b47\">\n\n<div class=\"gb-headline gb-headline-aaad4dce gb-headline-text gbp-section__text\">Our strong partnerships combine global quality with local service. By offering trusted products from internationally recognized brands, tailored to your local needs, we guarantee the highest efficiency and quality at all times. This collaboration creates sustainable solutions for both you and your business.<\/div>\n\n<\/div>\n<\/div>\n\n<div class=\"gb-container gb-container-f2bbcee6\">\n<div class=\"gb-grid-wrapper gb-grid-wrapper-73d54865\">\n<div class=\"gb-grid-column gb-grid-column-e20dc22a\"><div class=\"gb-container gb-container-e20dc22a\">\n\n<h3 class=\"gb-headline gb-headline-71cd9f27 gb-headline-text gbp-section__headline\">Biocidal<br>Solutions<\/h3>\n\n\n\n<div class=\"gb-headline gb-headline-31166069 gb-headline-text gbp-section__text\">Envu products combine quality and durability to provide excellent solutions for health and hygiene needs, supporting your business with high efficiency, safety, and innovation.<\/div>\n\n\n<div class=\"gb-container gb-container-5ae6594e\">\n\n<a class=\"gb-button gb-button-ac8fa222 gb-button-text gbp-button--primary\" href=\"https:\/\/ayilac.com.tr\/en\/katalog\/envu-urunleri\/\">Learn More<\/a>\n\n<\/div>\n<\/div><\/div>\n\n<div class=\"gb-grid-column gb-grid-column-df33ad73\"><div class=\"gb-container gb-container-df33ad73\">\n\n<h3 class=\"gb-headline gb-headline-aa4831d6 gb-headline-text gbp-section__headline\">Alpha <br>Products<\/h3>\n\n\n\n<div class=\"gb-headline gb-headline-6f5b8053 gb-headline-text gbp-section__text\">With high-quality raw material support and unique formulas, we offer qualified products and solutions in the field of animal health, bringing a fresh perspective to the industry and aiming for sustainable business efficiency.<\/div>\n\n\n<div class=\"gb-container gb-container-d6416126\">\n\n<a class=\"gb-button gb-button-bfd21f4b gb-button-text gbp-button--primary\" href=\"https:\/\/ayilac.com.tr\/en\/katalog\/2428-2\/\">Learn More<\/a>\n\n<\/div>\n<\/div><\/div>\n\n<div class=\"gb-grid-column gb-grid-column-5bd367d9\"><div class=\"gb-container gb-container-5bd367d9\">\n\n<h3 class=\"gb-headline gb-headline-8bb4decf gb-headline-text gbp-section__headline\">Environmental <br>Health<\/h3>\n\n\n\n<div class=\"gb-headline gb-headline-8e4986bd gb-headline-text gbp-section__text\">With our fly cords, we protect your businesses from housefly infestations, maintaining high hygiene standards to ensure a healthy environment. With our effective solutions, we offer long-lasting protection and reliable results.<\/div>\n\n\n<div class=\"gb-container gb-container-78c8279c\">\n<div class=\"gb-container gb-container-6ccce0b9\">\n\n<a class=\"gb-button gb-button-42dafabb gb-button-text gbp-button--primary\" href=\"https:\/\/ayilac.com.tr\/en\/katalog\/avci-urunleri\/\">Learn More<\/a>\n\n<\/div>\n<\/div>\n<\/div><\/div>\n<\/div>\n<\/div>\n<\/div>\n\n<div class=\"gb-container gb-container-b452798a gbp-section\">\n<div class=\"gb-container gb-container-37c7aa7b gbp-section__inner\">\n<div class=\"gb-container gb-container-eb54e15d\">\n\n<div class=\"gb-headline gb-headline-28d1c92b gb-headline-text gbp-section__tagline\">PRODUCTION<\/div>\n\n\n\n<h2 class=\"gb-headline gb-headline-022fc5eb gb-headline-text gbp-section__headline\"><strong>Excellence in Production<\/strong><\/h2>\n\n\n\n<figure class=\"wp-block-image size-full\"><img loading=\"lazy\" decoding=\"async\" width=\"706\" height=\"471\" src=\"https:\/\/ayilac.com.tr\/wp-content\/uploads\/2025\/03\/effervesan-tablet-1.jpg\" alt=\"\" class=\"wp-image-2617\" srcset=\"https:\/\/ayilac.com.tr\/wp-content\/uploads\/2025\/03\/effervesan-tablet-1.jpg 706w, https:\/\/ayilac.com.tr\/wp-content\/uploads\/2025\/03\/effervesan-tablet-1-300x200.jpg 300w, https:\/\/ayilac.com.tr\/wp-content\/uploads\/2025\/03\/effervesan-tablet-1-18x12.jpg 18w\" sizes=\"auto, (max-width: 706px) 100vw, 706px\" \/><\/figure>\n\n<\/div>\n\n\n<figure class=\"wp-block-image size-full is-resized\"><img loading=\"lazy\" decoding=\"async\" width=\"900\" height=\"600\" src=\"https:\/\/ayilac.com.tr\/wp-content\/uploads\/2025\/01\/uretim-tesislerimiz-2.webp\" alt=\"\" class=\"wp-image-2522\" style=\"width:548px;height:auto\" srcset=\"https:\/\/ayilac.com.tr\/wp-content\/uploads\/2025\/01\/uretim-tesislerimiz-2.webp 900w, https:\/\/ayilac.com.tr\/wp-content\/uploads\/2025\/01\/uretim-tesislerimiz-2-300x200.webp 300w, https:\/\/ayilac.com.tr\/wp-content\/uploads\/2025\/01\/uretim-tesislerimiz-2-768x512.webp 768w, https:\/\/ayilac.com.tr\/wp-content\/uploads\/2025\/01\/uretim-tesislerimiz-2-18x12.webp 18w\" sizes=\"auto, (max-width: 900px) 100vw, 900px\" \/><\/figure>\n\n<\/div>\n\n\n<h2 class=\"gb-headline gb-headline-31cb6ce0 gb-headline-text gbp-section__headline\"><strong><strong>Effervescent Tablet Production: <\/strong><br><strong>Pioneering Solutions for Calf Health<\/strong><\/strong><\/h2>\n\n\n\n<p>With high-quality raw materials and&nbsp;<strong>our unique formulations,<\/strong>we provide effective support in the treatment of calf diarrhea.&nbsp;<strong>The effervescent tablets,<\/strong>we produce aim to quickly relieve dehydration and help calves recover their health rapidly.<br><\/p>\n\n\n\n<div class=\"gb-headline gb-headline-a0e5bffe gb-headline-text\"><strong>Values We Prioritize in Production:<\/strong><\/div>\n\n\n\n<ul class=\"wp-block-list\">\n<li><strong>Raw Material Quality:<\/strong>&nbsp;We use raw materials sourced only from certified and reliable suppliers.<\/li>\n\n\n\n<li><strong>Quality Control:<\/strong>&nbsp;All our products are manufactured with the same high standards and meticulous attention to detail.<\/li>\n\n\n\n<li><strong>Safe Production:<\/strong>&nbsp;We do not use any chemicals or additives that could harm human or animal health. <br><\/li>\n<\/ul>\n\n\n\n<div class=\"gb-headline gb-headline-28cc1ad3 gb-headline-text\"><strong>The Certified Address of Quality and Trust<\/strong><\/div>\n\n\n\n<p><br>Our production process is carried out in compliance with international quality standards (ISO, GMP, CE, TSE). At every stage, our chemical engineers and veterinarians oversee the production of our unique feed additives and premix formulations, which we provide to our valued veterinarians and livestock businesses.<\/p>\n\n\n<div class=\"gb-container gb-container-c4dd687c\">\n<div class=\"gb-container gb-container-58e6aa90\">\n\n<a class=\"gb-button gb-button-228a2534 gb-button-text\" href=\"https:\/\/wa.me\/905304978142\" target=\"_blank\" rel=\"noopener noreferrer\">CONTACT US FOR UNIQUE EFFERVESCENT TABLET PRODUCTION!<\/a>\n\n<\/div>\n<\/div>\n<\/div>\n\n<section class=\"gb-container gb-container-66df2f2b\">\n<div class=\"gb-container gb-container-fc27cd5f\">\n\n<h1 class=\"gb-headline gb-headline-83932c17 gb-headline-text\">How to Access Our Products?<\/h1>\n\n\n\n<p class=\"gb-headline gb-headline-e0f1cbda gb-headline-text\">Through the innovative products we offer, we strengthen animal health and build a sustainable future with environmentally friendly solutions.<\/p>\n\n\n\n<a class=\"gb-button gb-button-d2849cab gb-button-text\" href=\"https:\/\/wa.me\/905304978142\" target=\"_blank\" rel=\"noopener noreferrer\">WhatsApp<\/a>\n\n<\/div>\n<\/section>\n\n<div class=\"gb-container gb-container-0693504c\">\n<div class=\"gb-container gb-container-61938cb3\">\n\n<h2 class=\"gb-headline gb-headline-3778de20 gb-headline-text\">Contact <mark style=\"background-color:rgba(0, 0, 0, 0)\" class=\"has-inline-color has-accent-2-color\">Us<\/mark><\/h2>\n\n\n<style id=\"wpforms-css-vars-1441-block-bde16781-1e3a-49fd-869b-f3d901c6790e\">\n\t\t\t\t#wpforms-1441.wpforms-block-bde16781-1e3a-49fd-869b-f3d901c6790e {\n\t\t\t\t--wpforms-label-color: var(--contrast-3);\n--wpforms-field-border-radius: 6px;\n--wpforms-field-border-color: #d5d5d5;\n--wpforms-field-border-color-spare: #d5d5d5;\n--wpforms-field-text-color: var(--contrast-2);\n--wpforms-button-border-radius: 0px;\n--wpforms-button-background-color: var(--accent-2);\n--wpforms-button-text-color: var(--base);\n--wpforms-field-size-input-height: 43px;\n--wpforms-field-size-input-spacing: 15px;\n--wpforms-field-size-font-size: 16px;\n--wpforms-field-size-line-height: 19px;\n--wpforms-field-size-padding-h: 14px;\n--wpforms-field-size-checkbox-size: 16px;\n--wpforms-field-size-sublabel-spacing: 5px;\n--wpforms-field-size-icon-size: 1;\n--wpforms-label-size-font-size: 16px;\n--wpforms-label-size-line-height: 19px;\n--wpforms-label-size-sublabel-font-size: 14px;\n--wpforms-label-size-sublabel-line-height: 17px;\n--wpforms-button-size-font-size: 20px;\n--wpforms-button-size-height: 48px;\n--wpforms-button-size-padding-h: 20px;\n--wpforms-button-size-margin-top: 15px;\n\n\t\t\t}\n\t\t\t<\/style><div class=\"wpforms-container wpforms-container-full wpforms-block wpforms-block-bde16781-1e3a-49fd-869b-f3d901c6790e wpforms-render-modern\" id=\"wpforms-1441\"><form id=\"wpforms-form-1441\" class=\"wpforms-validate wpforms-form wpforms-ajax-form\" data-formid=\"1441\" method=\"post\" enctype=\"multipart\/form-data\" action=\"\/wp-json\/wp\/v2\/pages\/1209\" data-token=\"31702fab8899d43816536ff4cef1319d\" data-token-time=\"1778379576\" data-trp-original-action=\"\/en\/wp-json\/wp\/v2\/pages\/1209\"><noscript class=\"wpforms-error-noscript\">Please enable JavaScript in your browser to complete this form.<\/noscript><div class=\"wpforms-hidden\" id=\"wpforms-error-noscript\">Please enable JavaScript in your browser to complete this form.<\/div><div class=\"wpforms-field-container\"><div id=\"wpforms-1441-field_1-container\" class=\"wpforms-field wpforms-field-name\" data-field-id=\"1\"><label class=\"wpforms-field-label\" for=\"wpforms-1441-field_1\">Name <span class=\"wpforms-required-label\" aria-hidden=\"true\">*<\/span><\/label><input type=\"text\" id=\"wpforms-1441-field_1\" class=\"wpforms-field-medium wpforms-field-required\" name=\"wpforms[fields][1]\" aria-errormessage=\"wpforms-1441-field_1-error\" required><\/div><div id=\"wpforms-1441-field_2-container\" class=\"wpforms-field wpforms-field-email\" data-field-id=\"2\"><label class=\"wpforms-field-label\" for=\"wpforms-1441-field_2\">Email <span class=\"wpforms-required-label\" aria-hidden=\"true\">*<\/span><\/label><input type=\"email\" id=\"wpforms-1441-field_2\" class=\"wpforms-field-medium wpforms-field-required\" name=\"wpforms[fields][2]\" spellcheck=\"false\" aria-errormessage=\"wpforms-1441-field_2-error\" required><\/div><div id=\"wpforms-1441-field_3-container\" class=\"wpforms-field wpforms-field-textarea\" data-field-id=\"3\"><label class=\"wpforms-field-label\" for=\"wpforms-1441-field_3\">Your Message<\/label><textarea id=\"wpforms-1441-field_3\" class=\"wpforms-field-medium\" name=\"wpforms[fields][3]\" aria-errormessage=\"wpforms-1441-field_3-error\" ><\/textarea><\/div><\/div><!-- .wpforms-field-container --><div class=\"wpforms-submit-container\" ><input type=\"hidden\" name=\"wpforms[id]\" value=\"1441\"><input type=\"hidden\" name=\"page_title\" value=\"\"><input type=\"hidden\" name=\"page_url\" value=\"https:\/\/ayilac.com.tr\/en\/wp-json\/wp\/v2\/pages\/1209\"><button type=\"submit\" name=\"wpforms[submit]\" id=\"wpforms-submit-1441\" class=\"wpforms-submit\" data-alt-text=\"G\u00f6nderiyor...\" data-submit-text=\"G\u00f6nder\" aria-live=\"assertive\" value=\"wpforms-submit\">Submit<\/button><img loading=\"lazy\" decoding=\"async\" src=\"https:\/\/ayilac.com.tr\/wp-content\/plugins\/wpforms-lite\/assets\/images\/submit-spin.svg\" class=\"wpforms-submit-spinner\" style=\"display: none;\" width=\"26\" height=\"26\" alt=\"Loading\"><\/div><input type=\"hidden\" name=\"trp-form-language\" value=\"en\"\/><\/form><\/div>  <!-- .wpforms-container -->\n<\/div>\n<\/div>","protected":false},"excerpt":{"rendered":"<p>Yenili\u011fin Form\u00fcl\u00fcyle Verime Devam! Temmuz 2021&#8217;den itibaren Ay \u0130la\u00e7 ve Veteriner \u00dcr\u00fcnleri olarak, y\u00fcksek standartlarda hayvan besleme, biyosidal ve \u00e7evre sa\u011fl\u0131\u011f\u0131 \u00fcr\u00fcnleriyle hayvan sa\u011fl\u0131\u011f\u0131 alan\u0131nda sekt\u00f6re \u00f6nc\u00fcl\u00fck ediyoruz. Global partnerlerimizle yenilik\u00e7i, s\u00fcrd\u00fcr\u00fclebilir ve verimlilik odakl\u0131 hayvan besleme ile biyosidal \u00e7evre sa\u011fl\u0131\u011f\u0131 yakla\u015f\u0131mlar\u0131 sunuyoruz. HAKKIMIZDA Neden Ay \u0130la\u00e7 ve Veteriner \u00dcr\u00fcnleri? Y\u00fcksek kalite standartlar\u0131yla \u00fcretilen \u00fcr\u00fcnlerimizle, &#8230; <a title=\"Home\" class=\"read-more\" href=\"https:\/\/ayilac.com.tr\/en\/\" aria-label=\"Read more about Anasayfa\">Read more<\/a><\/p>","protected":false},"author":1,"featured_media":0,"parent":0,"menu_order":0,"comment_status":"closed","ping_status":"closed","template":"","meta":{"footnotes":""},"class_list":["post-1209","page","type-page","status-publish"],"_links":{"self":[{"href":"https:\/\/ayilac.com.tr\/en\/wp-json\/wp\/v2\/pages\/1209","targetHints":{"allow":["GET"]}}],"collection":[{"href":"https:\/\/ayilac.com.tr\/en\/wp-json\/wp\/v2\/pages"}],"about":[{"href":"https:\/\/ayilac.com.tr\/en\/wp-json\/wp\/v2\/types\/page"}],"author":[{"embeddable":true,"href":"https:\/\/ayilac.com.tr\/en\/wp-json\/wp\/v2\/users\/1"}],"replies":[{"embeddable":true,"href":"https:\/\/ayilac.com.tr\/en\/wp-json\/wp\/v2\/comments?post=1209"}],"version-history":[{"count":399,"href":"https:\/\/ayilac.com.tr\/en\/wp-json\/wp\/v2\/pages\/1209\/revisions"}],"predecessor-version":[{"id":2626,"href":"https:\/\/ayilac.com.tr\/en\/wp-json\/wp\/v2\/pages\/1209\/revisions\/2626"}],"wp:attachment":[{"href":"https:\/\/ayilac.com.tr\/en\/wp-json\/wp\/v2\/media?parent=1209"}],"curies":[{"name":"wp","href":"https:\/\/api.w.org\/{rel}","templated":true}]}}