{"id":1792,"date":"2024-10-28T07:05:17","date_gmt":"2024-10-28T07:05:17","guid":{"rendered":"https:\/\/ayilac.ahmetbk.com\/?page_id=1792"},"modified":"2025-02-26T12:58:19","modified_gmt":"2025-02-26T09:58:19","slug":"iletisim","status":"publish","type":"page","link":"https:\/\/ayilac.com.tr\/en\/iletisim\/","title":{"rendered":"Contact"},"content":{"rendered":"<div class=\"gb-container gb-container-b3107593\">\n<div class=\"gb-grid-wrapper gb-grid-wrapper-ee80ee81\">\n<div class=\"gb-grid-column gb-grid-column-b7745716\"><div class=\"gb-container gb-container-b7745716\">\n<div class=\"gb-container gb-container-921440e6\">\n\n<h2 class=\"gb-headline gb-headline-2c6779a5 gb-headline-text\">Contact Us<\/h2>\n\n<\/div>\n\n<div class=\"gb-container gb-container-b9b639b1\">\n\n<div class=\"wp-block-group is-content-justification-left is-nowrap is-layout-flex wp-container-core-group-is-layout-f56a869c wp-block-group-is-layout-flex\">\n<span class=\"gb-button gb-button-7d5ad2ce\"><span class=\"gb-icon\"><svg aria-hidden=\"true\" role=\"img\" height=\"1em\" width=\"1em\" viewbox=\"0 0 512 512\" xmlns=\"http:\/\/www.w3.org\/2000\/svg\"><path fill=\"currentColor\" d=\"M493.4 24.6l-104-24c-11.3-2.6-22.9 3.3-27.5 13.9l-48 112c-4.2 9.8-1.4 21.3 6.9 28l60.6 49.6c-36 76.7-98.9 140.5-177.2 177.2l-49.6-60.6c-6.8-8.3-18.2-11.1-28-6.9l-112 48C3.9 366.5-2 378.1.6 389.4l24 104C27.1 504.2 36.7 512 48 512c256.1 0 464-207.5 464-464 0-11.2-7.7-20.9-18.6-23.4z\"><\/path><\/svg><\/span><\/span>\n\n\n\n<h4 class=\"gb-headline gb-headline-ddc0165b gb-headline-text\">Phone<\/h4>\n<\/div>\n\n\n\n<h6 class=\"gb-headline gb-headline-993f4e1d gb-headline-text\"><a href=\"tel:  90 530 497 81 42\">+90 530 497 81 42<\/a><\/h6>\n\n<\/div>\n\n<div class=\"gb-container gb-container-35331b0b\">\n\n<div class=\"wp-block-group is-content-justification-left is-nowrap is-layout-flex wp-container-core-group-is-layout-f56a869c wp-block-group-is-layout-flex\">\n<span class=\"gb-button gb-button-4b58bd8e\"><span class=\"gb-icon\"><svg aria-hidden=\"true\" role=\"img\" height=\"1em\" width=\"1em\" viewbox=\"0 0 512 512\" xmlns=\"http:\/\/www.w3.org\/2000\/svg\"><path fill=\"currentColor\" d=\"M464 64H48C21.49 64 0 85.49 0 112v288c0 26.51 21.49 48 48 48h416c26.51 0 48-21.49 48-48V112c0-26.51-21.49-48-48-48zm0 48v40.805c-22.422 18.259-58.168 46.651-134.587 106.49-16.841 13.247-50.201 45.072-73.413 44.701-23.208.375-56.579-31.459-73.413-44.701C106.18 199.465 70.425 171.067 48 152.805V112h416zM48 400V214.398c22.914 18.251 55.409 43.862 104.938 82.646 21.857 17.205 60.134 55.186 103.062 54.955 42.717.231 80.509-37.199 103.053-54.947 49.528-38.783 82.032-64.401 104.947-82.653V400H48z\"><\/path><\/svg><\/span><\/span>\n\n\n\n<h4 class=\"gb-headline gb-headline-3a673b58 gb-headline-text\">Email<\/h4>\n<\/div>\n\n\n\n<p class=\"gb-headline gb-headline-adf2b33b gb-headline-text\"><a href=\"mailto:ay.ilac.veteriner35@gmail.com\">info@ayilac.com.tr<\/a><\/p>\n\n<\/div>\n\n<div class=\"gb-container gb-container-214b28b3\">\n\n<div class=\"wp-block-group is-content-justification-left is-nowrap is-layout-flex wp-container-core-group-is-layout-f56a869c wp-block-group-is-layout-flex\">\n<span class=\"gb-button gb-button-d98413ca\"><span class=\"gb-icon\"><svg aria-hidden=\"true\" role=\"img\" height=\"1em\" width=\"1em\" viewbox=\"0 0 384 512\" xmlns=\"http:\/\/www.w3.org\/2000\/svg\"><path fill=\"currentColor\" d=\"M172.268 501.67C26.97 291.031 0 269.413 0 192 0 85.961 85.961 0 192 0s192 85.961 192 192c0 77.413-26.97 99.031-172.268 309.67-9.535 13.774-29.93 13.773-39.464 0zM192 272c44.183 0 80-35.817 80-80s-35.817-80-80-80-80 35.817-80 80 35.817 80 80 80z\"><\/path><\/svg><\/span><\/span>\n\n\n\n<h4 class=\"gb-headline gb-headline-270fac0b gb-headline-text\">Address<\/h4>\n<\/div>\n\n\n\n<p class=\"gb-headline gb-headline-fab97be7 gb-headline-text\">O\u011flananas\u0131 Atat\u00fcrk Mahallesi 2. Cadde No: 32 Menderes\/\u0130zmir<\/p>\n\n<\/div>\n\n<div class=\"gb-container gb-container-c5b81c1e\">\n\n<div class=\"wp-block-group is-content-justification-left is-nowrap is-layout-flex wp-container-core-group-is-layout-f56a869c wp-block-group-is-layout-flex\">\n<span class=\"gb-button gb-button-2774a63b\"><span class=\"gb-icon\"><svg aria-hidden=\"true\" role=\"img\" height=\"1em\" width=\"1em\" viewbox=\"0 0 448 512\" xmlns=\"http:\/\/www.w3.org\/2000\/svg\"><path fill=\"currentColor\" d=\"M224.1 141c-63.6 0-114.9 51.3-114.9 114.9s51.3 114.9 114.9 114.9S339 319.5 339 255.9 287.7 141 224.1 141zm0 189.6c-41.1 0-74.7-33.5-74.7-74.7s33.5-74.7 74.7-74.7 74.7 33.5 74.7 74.7-33.6 74.7-74.7 74.7zm146.4-194.3c0 14.9-12 26.8-26.8 26.8-14.9 0-26.8-12-26.8-26.8s12-26.8 26.8-26.8 26.8 12 26.8 26.8zm76.1 27.2c-1.7-35.9-9.9-67.7-36.2-93.9-26.2-26.2-58-34.4-93.9-36.2-37-2.1-147.9-2.1-184.9 0-35.8 1.7-67.6 9.9-93.9 36.1s-34.4 58-36.2 93.9c-2.1 37-2.1 147.9 0 184.9 1.7 35.9 9.9 67.7 36.2 93.9s58 34.4 93.9 36.2c37 2.1 147.9 2.1 184.9 0 35.9-1.7 67.7-9.9 93.9-36.2 26.2-26.2 34.4-58 36.2-93.9 2.1-37 2.1-147.8 0-184.8zM398.8 388c-7.8 19.6-22.9 34.7-42.6 42.6-29.5 11.7-99.5 9-132.1 9s-102.7 2.6-132.1-9c-19.6-7.8-34.7-22.9-42.6-42.6-11.7-29.5-9-99.5-9-132.1s-2.6-102.7 9-132.1c7.8-19.6 22.9-34.7 42.6-42.6 29.5-11.7 99.5-9 132.1-9s102.7-2.6 132.1 9c19.6 7.8 34.7 22.9 42.6 42.6 11.7 29.5 9 99.5 9 132.1s2.7 102.7-9 132.1z\"><\/path><\/svg><\/span><\/span>\n\n\n\n<span class=\"gb-button gb-button-aa22c620\"><span class=\"gb-icon\"><svg aria-hidden=\"true\" role=\"img\" height=\"1em\" width=\"1em\" viewbox=\"0 0 448 512\" xmlns=\"http:\/\/www.w3.org\/2000\/svg\"><path fill=\"currentColor\" d=\"M100.28 448H7.4V148.9h92.88zM53.79 108.1C24.09 108.1 0 83.5 0 53.8a53.79 53.79 0 0 1 107.58 0c0 29.7-24.1 54.3-53.79 54.3zM447.9 448h-92.68V302.4c0-34.7-.7-79.2-48.29-79.2-48.29 0-55.69 37.7-55.69 76.7V448h-92.78V148.9h89.08v40.8h1.3c12.4-23.5 42.69-48.3 87.88-48.3 94 0 111.28 61.9 111.28 142.3V448z\"><\/path><\/svg><\/span><\/span>\n<\/div>\n\n<\/div>\n<\/div><\/div>\n\n<div class=\"gb-grid-column gb-grid-column-bc532684\"><div class=\"gb-container gb-container-bc532684\">\n<div class=\"wpforms-container wpforms-container-full wpforms-block wpforms-block-d1fbc2d7-c167-40d3-bf00-f5dad8ddccb6 wpforms-render-modern\" id=\"wpforms-1441\"><form id=\"wpforms-form-1441\" class=\"wpforms-validate wpforms-form wpforms-ajax-form\" data-formid=\"1441\" method=\"post\" enctype=\"multipart\/form-data\" action=\"\/wp-json\/wp\/v2\/pages\/1792\" data-token=\"31702fab8899d43816536ff4cef1319d\" data-token-time=\"1778383517\" data-trp-original-action=\"\/en\/wp-json\/wp\/v2\/pages\/1792\"><noscript class=\"wpforms-error-noscript\">Please enable JavaScript in your browser to complete this form.<\/noscript><div class=\"wpforms-hidden\" id=\"wpforms-error-noscript\">Please enable JavaScript in your browser to complete this form.<\/div><div class=\"wpforms-field-container\"><div id=\"wpforms-1441-field_1-container\" class=\"wpforms-field wpforms-field-name\" data-field-id=\"1\"><label class=\"wpforms-field-label\" for=\"wpforms-1441-field_1\">Name <span class=\"wpforms-required-label\" aria-hidden=\"true\">*<\/span><\/label><input type=\"text\" id=\"wpforms-1441-field_1\" class=\"wpforms-field-medium wpforms-field-required\" name=\"wpforms[fields][1]\" aria-errormessage=\"wpforms-1441-field_1-error\" required><\/div><div id=\"wpforms-1441-field_2-container\" class=\"wpforms-field wpforms-field-email\" data-field-id=\"2\"><label class=\"wpforms-field-label\" for=\"wpforms-1441-field_2\">Email <span class=\"wpforms-required-label\" aria-hidden=\"true\">*<\/span><\/label><input type=\"email\" id=\"wpforms-1441-field_2\" class=\"wpforms-field-medium wpforms-field-required\" name=\"wpforms[fields][2]\" spellcheck=\"false\" aria-errormessage=\"wpforms-1441-field_2-error\" required><\/div><div id=\"wpforms-1441-field_3-container\" class=\"wpforms-field wpforms-field-textarea\" data-field-id=\"3\"><label class=\"wpforms-field-label\" for=\"wpforms-1441-field_3\">Your Message<\/label><textarea id=\"wpforms-1441-field_3\" class=\"wpforms-field-medium\" name=\"wpforms[fields][3]\" aria-errormessage=\"wpforms-1441-field_3-error\" ><\/textarea><\/div><\/div><!-- .wpforms-field-container --><div class=\"wpforms-submit-container\" ><input type=\"hidden\" name=\"wpforms[id]\" value=\"1441\"><input type=\"hidden\" name=\"page_title\" value=\"\"><input type=\"hidden\" name=\"page_url\" value=\"https:\/\/ayilac.com.tr\/en\/wp-json\/wp\/v2\/pages\/1792\"><button type=\"submit\" name=\"wpforms[submit]\" id=\"wpforms-submit-1441\" class=\"wpforms-submit\" data-alt-text=\"G\u00f6nderiyor...\" data-submit-text=\"G\u00f6nder\" aria-live=\"assertive\" value=\"wpforms-submit\">Submit<\/button><img loading=\"lazy\" decoding=\"async\" src=\"https:\/\/ayilac.com.tr\/wp-content\/plugins\/wpforms-lite\/assets\/images\/submit-spin.svg\" class=\"wpforms-submit-spinner\" style=\"display: none;\" width=\"26\" height=\"26\" alt=\"Loading\"><\/div><input type=\"hidden\" name=\"trp-form-language\" value=\"en\"\/><\/form><\/div>  <!-- .wpforms-container -->\n<\/div><\/div>\n<\/div>\n<\/div>\n\n<div class=\"gb-container gb-container-213b6870\">\n\n<iframe src=\"https:\/\/www.google.com\/maps\/embed?pb=!1m18!1m12!1m3!1d3715.4023224824796!2d27.192552876322164!3d38.27498918318795!2m3!1f0!2f0!3f0!3m2!1i1024!2i768!4f13.1!3m3!1m2!1s0x14b95f95deaec9c9%3A0xf31ba8ecff0aa24f!2zT8SfbGFuYW5hc8SxIEF0YXTDvHJrLCAyLiBDZC4gTm86MzIsIDM1NDc1IE1lbmRlcmVzL8Swem1pcg!5e1!3m2!1sen!2str!4v1730890083094!5m2!1sen!2str\" width=\"1320\" height=\"450\" style=\"border:0;\" allowfullscreen=\"\" loading=\"lazy\" referrerpolicy=\"no-referrer-when-downgrade\"><\/iframe>\n\n<\/div>","protected":false},"excerpt":{"rendered":"","protected":false},"author":1,"featured_media":0,"parent":0,"menu_order":5,"comment_status":"closed","ping_status":"closed","template":"","meta":{"footnotes":""},"class_list":["post-1792","page","type-page","status-publish"],"_links":{"self":[{"href":"https:\/\/ayilac.com.tr\/en\/wp-json\/wp\/v2\/pages\/1792","targetHints":{"allow":["GET"]}}],"collection":[{"href":"https:\/\/ayilac.com.tr\/en\/wp-json\/wp\/v2\/pages"}],"about":[{"href":"https:\/\/ayilac.com.tr\/en\/wp-json\/wp\/v2\/types\/page"}],"author":[{"embeddable":true,"href":"https:\/\/ayilac.com.tr\/en\/wp-json\/wp\/v2\/users\/1"}],"replies":[{"embeddable":true,"href":"https:\/\/ayilac.com.tr\/en\/wp-json\/wp\/v2\/comments?post=1792"}],"version-history":[{"count":59,"href":"https:\/\/ayilac.com.tr\/en\/wp-json\/wp\/v2\/pages\/1792\/revisions"}],"predecessor-version":[{"id":2559,"href":"https:\/\/ayilac.com.tr\/en\/wp-json\/wp\/v2\/pages\/1792\/revisions\/2559"}],"wp:attachment":[{"href":"https:\/\/ayilac.com.tr\/en\/wp-json\/wp\/v2\/media?parent=1792"}],"curies":[{"name":"wp","href":"https:\/\/api.w.org\/{rel}","templated":true}]}}