{"id":2432,"date":"2024-11-14T16:29:59","date_gmt":"2024-11-14T13:29:59","guid":{"rendered":"https:\/\/ayilac.ahmetbk.com\/?page_id=2432"},"modified":"2025-03-05T16:08:33","modified_gmt":"2025-03-05T13:08:33","slug":"envu-urunleri","status":"publish","type":"page","link":"https:\/\/ayilac.com.tr\/en\/katalog\/envu-urunleri\/","title":{"rendered":"Envu Products"},"content":{"rendered":"<div class=\"gb-container gb-container-2d4a7d24\">\n<div class=\"gb-grid-wrapper gb-grid-wrapper-09b273cf\">\n<div class=\"gb-grid-column gb-grid-column-c0fc454e\"><div class=\"gb-container gb-container-c0fc454e\">\n\n<h4 class=\"gb-headline gb-headline-8e657629 gb-headline-text\">Maxforce Fly Bait<\/h4>\n\n\n\n<figure class=\"gb-block-image gb-block-image-e42b5414\"><img loading=\"lazy\" decoding=\"async\" width=\"1080\" height=\"1080\" class=\"gb-image gb-image-e42b5414\" src=\"https:\/\/ayilac.com.tr\/wp-content\/uploads\/2025\/03\/maxforce-flybait.png\" alt=\"\" title=\"maxforce-flybait\" srcset=\"https:\/\/ayilac.com.tr\/wp-content\/uploads\/2025\/03\/maxforce-flybait.png 1080w, https:\/\/ayilac.com.tr\/wp-content\/uploads\/2025\/03\/maxforce-flybait-300x300.png 300w, https:\/\/ayilac.com.tr\/wp-content\/uploads\/2025\/03\/maxforce-flybait-1024x1024.png 1024w, https:\/\/ayilac.com.tr\/wp-content\/uploads\/2025\/03\/maxforce-flybait-150x150.png 150w, https:\/\/ayilac.com.tr\/wp-content\/uploads\/2025\/03\/maxforce-flybait-768x768.png 768w, https:\/\/ayilac.com.tr\/wp-content\/uploads\/2025\/03\/maxforce-flybait-12x12.png 12w\" sizes=\"auto, (max-width: 1080px) 100vw, 1080px\" \/><\/figure>\n\n\n<div class=\"gb-container gb-container-98dc2120 gb-accordion\">\n<div class=\"gb-container gb-container-875f5ecf gb-accordion__item\" data-transition=\"slide\">\n\n<button class=\"gb-button gb-button-06ed9649 gb-accordion__toggle accordion-header\" id=\"gb-accordion-toggle-06ed9649\"><span class=\"gb-button-text\">Details<\/span><span class=\"gb-icon\"><svg xmlns=\"http:\/\/www.w3.org\/2000\/svg\" viewbox=\"0 0 448 512\" width=\"1em\" height=\"1em\" aria-hidden=\"true\" role=\"img\" class=\"gb-accordion__icon\"><path d=\"M416 208H272V64c0-17.67-14.33-32-32-32h-32c-17.67 0-32 14.33-32 32v144H32c-17.67 0-32 14.33-32 32v32c0 17.67 14.33 32 32 32h144v144c0 17.67 14.33 32 32 32h32c17.67 0 32-14.33 32-32V304h144c17.67 0 32-14.33 32-32v-32c0-17.67-14.33-32-32-32z\" fill=\"currentColor\"><\/path><\/svg><svg xmlns=\"http:\/\/www.w3.org\/2000\/svg\" viewbox=\"0 0 448 512\" width=\"1em\" height=\"1em\" aria-hidden=\"true\" role=\"img\" class=\"gb-accordion__icon-open\"><path d=\"M416 208H32c-17.67 0-32 14.33-32 32v32c0 17.67 14.33 32 32 32h384c17.67 0 32-14.33 32-32v-32c0-17.67-14.33-32-32-32z\" fill=\"currentColor\"><\/path><\/svg><\/span><\/button>\n\n\n<div id=\"gb-accordion-content-75b0ab64\" class=\"gb-accordion__content\"><div class=\"gb-container gb-container-75b0ab64\">\n\n<p class=\"gb-headline gb-headline-7783b018 gb-headline-text\">Provides complete control in both indoor and outdoor fly control.<br><br><br><br><br><\/p>\n\n<\/div><\/div>\n<\/div>\n<\/div>\n<\/div><\/div>\n\n<div class=\"gb-grid-column gb-grid-column-81599ccc\"><div class=\"gb-container gb-container-81599ccc\">\n\n<h4 class=\"gb-headline gb-headline-5c937f52 gb-headline-text\">K-Othrine<\/h4>\n\n\n\n<figure class=\"gb-block-image gb-block-image-8199ed8f\"><img loading=\"lazy\" decoding=\"async\" width=\"1080\" height=\"1080\" class=\"gb-image gb-image-8199ed8f\" src=\"https:\/\/ayilac.com.tr\/wp-content\/uploads\/2025\/03\/k-othrine.png\" alt=\"\" title=\"k-othrine\" srcset=\"https:\/\/ayilac.com.tr\/wp-content\/uploads\/2025\/03\/k-othrine.png 1080w, https:\/\/ayilac.com.tr\/wp-content\/uploads\/2025\/03\/k-othrine-300x300.png 300w, https:\/\/ayilac.com.tr\/wp-content\/uploads\/2025\/03\/k-othrine-1024x1024.png 1024w, https:\/\/ayilac.com.tr\/wp-content\/uploads\/2025\/03\/k-othrine-150x150.png 150w, https:\/\/ayilac.com.tr\/wp-content\/uploads\/2025\/03\/k-othrine-768x768.png 768w, https:\/\/ayilac.com.tr\/wp-content\/uploads\/2025\/03\/k-othrine-12x12.png 12w\" sizes=\"auto, (max-width: 1080px) 100vw, 1080px\" \/><\/figure>\n\n\n<div class=\"gb-container gb-container-d5ae8252\">\n<div class=\"gb-container gb-container-840b2d10 gb-accordion\">\n<div class=\"gb-container gb-container-b235212c gb-accordion__item\" data-transition=\"slide\">\n\n<button class=\"gb-button gb-button-c2f5d794 gb-accordion__toggle\" id=\"gb-accordion-toggle-c2f5d794\"><span class=\"gb-button-text\">Details<\/span><span class=\"gb-icon\"><svg xmlns=\"http:\/\/www.w3.org\/2000\/svg\" viewbox=\"0 0 448 512\" width=\"1em\" height=\"1em\" aria-hidden=\"true\" role=\"img\" class=\"gb-accordion__icon\"><path d=\"M416 208H272V64c0-17.67-14.33-32-32-32h-32c-17.67 0-32 14.33-32 32v144H32c-17.67 0-32 14.33-32 32v32c0 17.67 14.33 32 32 32h144v144c0 17.67 14.33 32 32 32h32c17.67 0 32-14.33 32-32V304h144c17.67 0 32-14.33 32-32v-32c0-17.67-14.33-32-32-32z\" fill=\"currentColor\"><\/path><\/svg><svg xmlns=\"http:\/\/www.w3.org\/2000\/svg\" viewbox=\"0 0 448 512\" width=\"1em\" height=\"1em\" aria-hidden=\"true\" role=\"img\" class=\"gb-accordion__icon-open\"><path d=\"M416 208H32c-17.67 0-32 14.33-32 32v32c0 17.67 14.33 32 32 32h384c17.67 0 32-14.33 32-32v-32c0-17.67-14.33-32-32-32z\" fill=\"currentColor\"><\/path><\/svg><\/span><\/button>\n\n\n<div id=\"gb-accordion-content-6e58f7f8\" class=\"gb-accordion__content\"><div class=\"gb-container gb-container-6e58f7f8\">\n\n<p class=\"gb-headline gb-headline-44bb9490 gb-headline-text\">It is a long-lasting biocidal product developed for use in indoor areas and residential surroundings, effective against crawling and flying pests.<\/p>\n\n<\/div><\/div>\n<\/div>\n<\/div>\n<\/div>\n<\/div><\/div>\n\n<div class=\"gb-grid-column gb-grid-column-7da551db\"><div class=\"gb-container gb-container-7da551db\">\n\n<h4 class=\"gb-headline gb-headline-0ecbaf50 gb-headline-text\">Rodilon Paste<\/h4>\n\n\n\n<figure class=\"gb-block-image gb-block-image-16fcad53\"><img loading=\"lazy\" decoding=\"async\" width=\"1080\" height=\"1080\" class=\"gb-image gb-image-16fcad53\" src=\"https:\/\/ayilac.com.tr\/wp-content\/uploads\/2025\/03\/rodilon-paste.png\" alt=\"\" title=\"rodilon-paste\" srcset=\"https:\/\/ayilac.com.tr\/wp-content\/uploads\/2025\/03\/rodilon-paste.png 1080w, https:\/\/ayilac.com.tr\/wp-content\/uploads\/2025\/03\/rodilon-paste-300x300.png 300w, https:\/\/ayilac.com.tr\/wp-content\/uploads\/2025\/03\/rodilon-paste-1024x1024.png 1024w, https:\/\/ayilac.com.tr\/wp-content\/uploads\/2025\/03\/rodilon-paste-150x150.png 150w, https:\/\/ayilac.com.tr\/wp-content\/uploads\/2025\/03\/rodilon-paste-768x768.png 768w, https:\/\/ayilac.com.tr\/wp-content\/uploads\/2025\/03\/rodilon-paste-12x12.png 12w\" sizes=\"auto, (max-width: 1080px) 100vw, 1080px\" \/><\/figure>\n\n\n<div class=\"gb-container gb-container-597857be\">\n<div class=\"gb-container gb-container-2cf175f1 gb-accordion\">\n<div class=\"gb-container gb-container-cab06af5 gb-accordion__item\" data-transition=\"slide\">\n\n<button class=\"gb-button gb-button-93964caa gb-accordion__toggle\" id=\"gb-accordion-toggle-93964caa\"><span class=\"gb-button-text\">Details<\/span><span class=\"gb-icon\"><svg xmlns=\"http:\/\/www.w3.org\/2000\/svg\" viewbox=\"0 0 448 512\" width=\"1em\" height=\"1em\" aria-hidden=\"true\" role=\"img\" class=\"gb-accordion__icon\"><path d=\"M416 208H272V64c0-17.67-14.33-32-32-32h-32c-17.67 0-32 14.33-32 32v144H32c-17.67 0-32 14.33-32 32v32c0 17.67 14.33 32 32 32h144v144c0 17.67 14.33 32 32 32h32c17.67 0 32-14.33 32-32V304h144c17.67 0 32-14.33 32-32v-32c0-17.67-14.33-32-32-32z\" fill=\"currentColor\"><\/path><\/svg><svg xmlns=\"http:\/\/www.w3.org\/2000\/svg\" viewbox=\"0 0 448 512\" width=\"1em\" height=\"1em\" aria-hidden=\"true\" role=\"img\" class=\"gb-accordion__icon-open\"><path d=\"M416 208H32c-17.67 0-32 14.33-32 32v32c0 17.67 14.33 32 32 32h384c17.67 0 32-14.33 32-32v-32c0-17.67-14.33-32-32-32z\" fill=\"currentColor\"><\/path><\/svg><\/span><\/button>\n\n\n<div id=\"gb-accordion-content-0a93a872\" class=\"gb-accordion__content\"><div class=\"gb-container gb-container-0a93a872\">\n\n<p class=\"gb-headline gb-headline-c01a3837 gb-headline-text\">Thanks to its excellent feed composition, it is eagerly consumed by rodents even in challenging areas where alternative feed sources are available, providing effective control.<\/p>\n\n<\/div><\/div>\n<\/div>\n<\/div>\n<\/div>\n<\/div><\/div>\n\n<div class=\"gb-grid-column gb-grid-column-7ba20496\"><div class=\"gb-container gb-container-7ba20496\">\n\n<h4 class=\"gb-headline gb-headline-9094068e gb-headline-text\">Solfac EC<\/h4>\n\n\n\n<figure class=\"gb-block-image gb-block-image-163d3a1a\"><img loading=\"lazy\" decoding=\"async\" width=\"1080\" height=\"1080\" class=\"gb-image gb-image-163d3a1a\" src=\"https:\/\/ayilac.com.tr\/wp-content\/uploads\/2025\/03\/solfac-ec-50.png\" alt=\"\" title=\"solfac-ec-50\" srcset=\"https:\/\/ayilac.com.tr\/wp-content\/uploads\/2025\/03\/solfac-ec-50.png 1080w, https:\/\/ayilac.com.tr\/wp-content\/uploads\/2025\/03\/solfac-ec-50-300x300.png 300w, https:\/\/ayilac.com.tr\/wp-content\/uploads\/2025\/03\/solfac-ec-50-1024x1024.png 1024w, https:\/\/ayilac.com.tr\/wp-content\/uploads\/2025\/03\/solfac-ec-50-150x150.png 150w, https:\/\/ayilac.com.tr\/wp-content\/uploads\/2025\/03\/solfac-ec-50-768x768.png 768w, https:\/\/ayilac.com.tr\/wp-content\/uploads\/2025\/03\/solfac-ec-50-12x12.png 12w\" sizes=\"auto, (max-width: 1080px) 100vw, 1080px\" \/><\/figure>\n\n\n<div class=\"gb-container gb-container-5f6a0bfe\">\n<div class=\"gb-container gb-container-7b7cbbaa gb-accordion\">\n<div class=\"gb-container gb-container-d1a864e9 gb-accordion__item\" data-transition=\"slide\">\n\n<button class=\"gb-button gb-button-386283d6 gb-accordion__toggle\" id=\"gb-accordion-toggle-386283d6\"><span class=\"gb-button-text\">Details<\/span><span class=\"gb-icon\"><svg xmlns=\"http:\/\/www.w3.org\/2000\/svg\" viewbox=\"0 0 448 512\" width=\"1em\" height=\"1em\" aria-hidden=\"true\" role=\"img\" class=\"gb-accordion__icon\"><path d=\"M416 208H272V64c0-17.67-14.33-32-32-32h-32c-17.67 0-32 14.33-32 32v144H32c-17.67 0-32 14.33-32 32v32c0 17.67 14.33 32 32 32h144v144c0 17.67 14.33 32 32 32h32c17.67 0 32-14.33 32-32V304h144c17.67 0 32-14.33 32-32v-32c0-17.67-14.33-32-32-32z\" fill=\"currentColor\"><\/path><\/svg><svg xmlns=\"http:\/\/www.w3.org\/2000\/svg\" viewbox=\"0 0 448 512\" width=\"1em\" height=\"1em\" aria-hidden=\"true\" role=\"img\" class=\"gb-accordion__icon-open\"><path d=\"M416 208H32c-17.67 0-32 14.33-32 32v32c0 17.67 14.33 32 32 32h384c17.67 0 32-14.33 32-32v-32c0-17.67-14.33-32-32-32z\" fill=\"currentColor\"><\/path><\/svg><\/span><\/button>\n\n\n<div id=\"gb-accordion-content-da5a8139\" class=\"gb-accordion__content\"><div class=\"gb-container gb-container-da5a8139\">\n\n<p>Solfac Super EC 25 is a broad-spectrum insecticide containing 25 g\/l of Deltamethrin, designed for the control of pests in indoor and industrial areas.<\/p>\n\n<\/div><\/div>\n<\/div>\n<\/div>\n<\/div>\n<\/div><\/div>\n\n<div class=\"gb-grid-column gb-grid-column-7b189256\"><div class=\"gb-container gb-container-7b189256\">\n\n<h4 class=\"gb-headline gb-headline-42ce642b gb-headline-text\">Solfac EW<\/h4>\n\n\n\n<figure class=\"gb-block-image gb-block-image-32c5402f\"><img loading=\"lazy\" decoding=\"async\" width=\"1080\" height=\"1080\" class=\"gb-image gb-image-32c5402f\" src=\"https:\/\/ayilac.com.tr\/wp-content\/uploads\/2025\/03\/solfac-ew-050.png\" alt=\"\" title=\"solfac-ew-050\" srcset=\"https:\/\/ayilac.com.tr\/wp-content\/uploads\/2025\/03\/solfac-ew-050.png 1080w, https:\/\/ayilac.com.tr\/wp-content\/uploads\/2025\/03\/solfac-ew-050-300x300.png 300w, https:\/\/ayilac.com.tr\/wp-content\/uploads\/2025\/03\/solfac-ew-050-1024x1024.png 1024w, https:\/\/ayilac.com.tr\/wp-content\/uploads\/2025\/03\/solfac-ew-050-150x150.png 150w, https:\/\/ayilac.com.tr\/wp-content\/uploads\/2025\/03\/solfac-ew-050-768x768.png 768w, https:\/\/ayilac.com.tr\/wp-content\/uploads\/2025\/03\/solfac-ew-050-12x12.png 12w\" sizes=\"auto, (max-width: 1080px) 100vw, 1080px\" \/><\/figure>\n\n\n<div class=\"gb-container gb-container-e372749e\">\n<div class=\"gb-container gb-container-acb48ef7 accordion-style gb-accordion\">\n<div class=\"gb-container gb-container-425a6f13 gb-accordion__item\" data-transition=\"slide\">\n\n<button class=\"gb-button gb-button-6eb966cc gb-accordion__toggle\" id=\"gb-accordion-toggle-6eb966cc\"><span class=\"gb-button-text\">Details<\/span><span class=\"gb-icon\"><svg xmlns=\"http:\/\/www.w3.org\/2000\/svg\" viewbox=\"0 0 448 512\" width=\"1em\" height=\"1em\" aria-hidden=\"true\" role=\"img\" class=\"gb-accordion__icon\"><path d=\"M207.029 381.476L12.686 187.132c-9.373-9.373-9.373-24.569 0-33.941l22.667-22.667c9.357-9.357 24.522-9.375 33.901-.04L224 284.505l154.745-154.021c9.379-9.335 24.544-9.317 33.901.04l22.667 22.667c9.373 9.373 9.373 24.569 0 33.941L240.971 381.476c-9.373 9.372-24.569 9.372-33.942 0z\" fill=\"currentColor\"><\/path><\/svg><svg xmlns=\"http:\/\/www.w3.org\/2000\/svg\" viewbox=\"0 0 448 512\" width=\"1em\" height=\"1em\" aria-hidden=\"true\" role=\"img\" class=\"gb-accordion__icon-open\"><path d=\"M240.971 130.524l194.343 194.343c9.373 9.373 9.373 24.569 0 33.941l-22.667 22.667c-9.357 9.357-24.522 9.375-33.901.04L224 227.495 69.255 381.516c-9.379 9.335-24.544 9.317-33.901-.04l-22.667-22.667c-9.373-9.373-9.373-24.569 0-33.941L207.03 130.525c9.372-9.373 24.568-9.373 33.941-.001z\" fill=\"currentColor\"><\/path><\/svg><\/span><\/button>\n\n\n<div id=\"gb-accordion-content-b93643db\" class=\"gb-accordion__content\"><div class=\"gb-container gb-container-b93643db\">\n\n<p>A reliable solution for mosquito control.<\/p>\n\n<\/div><\/div>\n<\/div>\n<\/div>\n<\/div>\n<\/div><\/div>\n\n<div class=\"gb-grid-column gb-grid-column-8978901c\"><div class=\"gb-container gb-container-8978901c\">\n\n<h4 class=\"gb-headline gb-headline-6e46bfd7 gb-headline-text\">Ficam<\/h4>\n\n\n\n<figure class=\"gb-block-image gb-block-image-0834b138\"><img loading=\"lazy\" decoding=\"async\" width=\"1080\" height=\"1080\" class=\"gb-image gb-image-0834b138\" src=\"https:\/\/ayilac.com.tr\/wp-content\/uploads\/2025\/03\/ficam.png\" alt=\"\" title=\"ficam\" srcset=\"https:\/\/ayilac.com.tr\/wp-content\/uploads\/2025\/03\/ficam.png 1080w, https:\/\/ayilac.com.tr\/wp-content\/uploads\/2025\/03\/ficam-300x300.png 300w, https:\/\/ayilac.com.tr\/wp-content\/uploads\/2025\/03\/ficam-1024x1024.png 1024w, https:\/\/ayilac.com.tr\/wp-content\/uploads\/2025\/03\/ficam-150x150.png 150w, https:\/\/ayilac.com.tr\/wp-content\/uploads\/2025\/03\/ficam-768x768.png 768w, https:\/\/ayilac.com.tr\/wp-content\/uploads\/2025\/03\/ficam-12x12.png 12w\" sizes=\"auto, (max-width: 1080px) 100vw, 1080px\" \/><\/figure>\n\n\n<div class=\"gb-container gb-container-db91c85a\">\n<div class=\"gb-container gb-container-b3dec70a gb-accordion\">\n<div class=\"gb-container gb-container-97b77449 gb-accordion__item\" data-transition=\"slide\">\n\n<button class=\"gb-button gb-button-d3123462 gb-accordion__toggle\" id=\"gb-accordion-toggle-d3123462\"><span class=\"gb-button-text\">Details<\/span><span class=\"gb-icon\"><svg xmlns=\"http:\/\/www.w3.org\/2000\/svg\" viewbox=\"0 0 448 512\" width=\"1em\" height=\"1em\" aria-hidden=\"true\" role=\"img\" class=\"gb-accordion__icon\"><path d=\"M416 208H272V64c0-17.67-14.33-32-32-32h-32c-17.67 0-32 14.33-32 32v144H32c-17.67 0-32 14.33-32 32v32c0 17.67 14.33 32 32 32h144v144c0 17.67 14.33 32 32 32h32c17.67 0 32-14.33 32-32V304h144c17.67 0 32-14.33 32-32v-32c0-17.67-14.33-32-32-32z\" fill=\"currentColor\"><\/path><\/svg><svg xmlns=\"http:\/\/www.w3.org\/2000\/svg\" viewbox=\"0 0 448 512\" width=\"1em\" height=\"1em\" aria-hidden=\"true\" role=\"img\" class=\"gb-accordion__icon-open\"><path d=\"M416 208H32c-17.67 0-32 14.33-32 32v32c0 17.67 14.33 32 32 32h384c17.67 0 32-14.33 32-32v-32c0-17.67-14.33-32-32-32z\" fill=\"currentColor\"><\/path><\/svg><\/span><\/button>\n\n\n<div id=\"gb-accordion-content-0738a897\" class=\"gb-accordion__content\"><div class=\"gb-container gb-container-0738a897\">\n\n<p>A broad-spectrum residual spray that can be used against various pests in residential, industrial, commercial buildings, and public service buildings.<\/p>\n\n<\/div><\/div>\n<\/div>\n<\/div>\n<\/div>\n<\/div><\/div>\n\n<div class=\"gb-grid-column gb-grid-column-df4af781\"><div class=\"gb-container gb-container-df4af781\">\n\n<h4 class=\"gb-headline gb-headline-187b8f86 gb-headline-text\">Solfac WP10<\/h4>\n\n\n\n<figure class=\"gb-block-image gb-block-image-8cafba00\"><img loading=\"lazy\" decoding=\"async\" width=\"1080\" height=\"1080\" class=\"gb-image gb-image-8cafba00\" src=\"https:\/\/ayilac.com.tr\/wp-content\/uploads\/2025\/03\/solfac-wp-10.png\" alt=\"\" title=\"solfac-wp-10\" srcset=\"https:\/\/ayilac.com.tr\/wp-content\/uploads\/2025\/03\/solfac-wp-10.png 1080w, https:\/\/ayilac.com.tr\/wp-content\/uploads\/2025\/03\/solfac-wp-10-300x300.png 300w, https:\/\/ayilac.com.tr\/wp-content\/uploads\/2025\/03\/solfac-wp-10-1024x1024.png 1024w, https:\/\/ayilac.com.tr\/wp-content\/uploads\/2025\/03\/solfac-wp-10-150x150.png 150w, https:\/\/ayilac.com.tr\/wp-content\/uploads\/2025\/03\/solfac-wp-10-768x768.png 768w, https:\/\/ayilac.com.tr\/wp-content\/uploads\/2025\/03\/solfac-wp-10-12x12.png 12w\" sizes=\"auto, (max-width: 1080px) 100vw, 1080px\" \/><\/figure>\n\n\n<div class=\"gb-container gb-container-1d0fedf5\">\n<div class=\"gb-container gb-container-5f4b3896 gb-accordion\">\n<div class=\"gb-container gb-container-b7353683 gb-accordion__item\" data-transition=\"slide\">\n\n<button class=\"gb-button gb-button-8d5dd8ae gb-accordion__toggle\" id=\"gb-accordion-toggle-8d5dd8ae\"><span class=\"gb-button-text\">Details<\/span><span class=\"gb-icon\"><svg xmlns=\"http:\/\/www.w3.org\/2000\/svg\" viewbox=\"0 0 448 512\" width=\"1em\" height=\"1em\" aria-hidden=\"true\" role=\"img\" class=\"gb-accordion__icon\"><path d=\"M416 208H272V64c0-17.67-14.33-32-32-32h-32c-17.67 0-32 14.33-32 32v144H32c-17.67 0-32 14.33-32 32v32c0 17.67 14.33 32 32 32h144v144c0 17.67 14.33 32 32 32h32c17.67 0 32-14.33 32-32V304h144c17.67 0 32-14.33 32-32v-32c0-17.67-14.33-32-32-32z\" fill=\"currentColor\"><\/path><\/svg><svg xmlns=\"http:\/\/www.w3.org\/2000\/svg\" viewbox=\"0 0 448 512\" width=\"1em\" height=\"1em\" aria-hidden=\"true\" role=\"img\" class=\"gb-accordion__icon-open\"><path d=\"M416 208H32c-17.67 0-32 14.33-32 32v32c0 17.67 14.33 32 32 32h384c17.67 0 32-14.33 32-32v-32c0-17.67-14.33-32-32-32z\" fill=\"currentColor\"><\/path><\/svg><\/span><\/button>\n\n\n<div id=\"gb-accordion-content-e99773ef\" class=\"gb-accordion__content\"><div class=\"gb-container gb-container-e99773ef\">\n\n<p>Solfac\u00ae WP10; su ile kolayl\u0131kla kar\u0131\u015fabilen, suda \u0131slanabilir toz halinde konsantre bir ila\u00e7t\u0131r.<br>Hedef zararl\u0131ya uygun miktarda \u00fcr\u00fcn 5 L su ile kar\u0131\u015ft\u0131r\u0131larak, 100 m2<br>alanda uygulan\u0131r.<br>Problemin g\u00f6r\u00fcld\u00fc\u011f\u00fc alanda uygulamaya m\u00fcsait t\u00fcm y\u00fczeylere 40-50 cm mesafeden<br>p\u00fcsk\u00fcrt\u00fcl\u00fcr. \u0130lac\u0131n, ila\u00e7lanan sahada uzun s\u00fcre etkili olmas\u0131 istenirse ila\u00e7l\u0131 yerler silinmemeli ve<br>y\u0131kanmamal\u0131d\u0131r. Kullanmadan \u00f6nce kuvvetlice \u00e7alkalay\u0131n\u0131z.<\/p>\n\n<\/div><\/div>\n<\/div>\n<\/div>\n<\/div>\n<\/div><\/div>\n<\/div>\n<\/div>","protected":false},"excerpt":{"rendered":"","protected":false},"author":1,"featured_media":0,"parent":159,"menu_order":0,"comment_status":"closed","ping_status":"closed","template":"","meta":{"footnotes":""},"class_list":["post-2432","page","type-page","status-publish"],"_links":{"self":[{"href":"https:\/\/ayilac.com.tr\/en\/wp-json\/wp\/v2\/pages\/2432","targetHints":{"allow":["GET"]}}],"collection":[{"href":"https:\/\/ayilac.com.tr\/en\/wp-json\/wp\/v2\/pages"}],"about":[{"href":"https:\/\/ayilac.com.tr\/en\/wp-json\/wp\/v2\/types\/page"}],"author":[{"embeddable":true,"href":"https:\/\/ayilac.com.tr\/en\/wp-json\/wp\/v2\/users\/1"}],"replies":[{"embeddable":true,"href":"https:\/\/ayilac.com.tr\/en\/wp-json\/wp\/v2\/comments?post=2432"}],"version-history":[{"count":7,"href":"https:\/\/ayilac.com.tr\/en\/wp-json\/wp\/v2\/pages\/2432\/revisions"}],"predecessor-version":[{"id":2621,"href":"https:\/\/ayilac.com.tr\/en\/wp-json\/wp\/v2\/pages\/2432\/revisions\/2621"}],"up":[{"embeddable":true,"href":"https:\/\/ayilac.com.tr\/en\/wp-json\/wp\/v2\/pages\/159"}],"wp:attachment":[{"href":"https:\/\/ayilac.com.tr\/en\/wp-json\/wp\/v2\/media?parent=2432"}],"curies":[{"name":"wp","href":"https:\/\/api.w.org\/{rel}","templated":true}]}}