{"id":2442,"date":"2024-11-14T16:47:29","date_gmt":"2024-11-14T13:47:29","guid":{"rendered":"https:\/\/ayilac.ahmetbk.com\/?page_id=2442"},"modified":"2025-03-05T16:13:15","modified_gmt":"2025-03-05T13:13:15","slug":"efervesan-tablet","status":"publish","type":"page","link":"https:\/\/ayilac.com.tr\/en\/efervesan-tablet\/","title":{"rendered":"Effervescent Tablets"},"content":{"rendered":"<div class=\"gb-container gb-container-df4af781\">\n\n<h4 class=\"gb-headline gb-headline-187b8f86 gb-headline-text\">C-Tab Effervesan Tablet<\/h4>\n\n\n\n<figure class=\"gb-block-image gb-block-image-8cafba00\"><img loading=\"lazy\" decoding=\"async\" width=\"1080\" height=\"1080\" class=\"gb-image gb-image-8cafba00\" src=\"https:\/\/ayilac.com.tr\/wp-content\/uploads\/2025\/03\/c-tab.png\" alt=\"\" title=\"c-tab\" srcset=\"https:\/\/ayilac.com.tr\/wp-content\/uploads\/2025\/03\/c-tab.png 1080w, https:\/\/ayilac.com.tr\/wp-content\/uploads\/2025\/03\/c-tab-300x300.png 300w, https:\/\/ayilac.com.tr\/wp-content\/uploads\/2025\/03\/c-tab-1024x1024.png 1024w, https:\/\/ayilac.com.tr\/wp-content\/uploads\/2025\/03\/c-tab-150x150.png 150w, https:\/\/ayilac.com.tr\/wp-content\/uploads\/2025\/03\/c-tab-768x768.png 768w, https:\/\/ayilac.com.tr\/wp-content\/uploads\/2025\/03\/c-tab-12x12.png 12w\" sizes=\"auto, (max-width: 1080px) 100vw, 1080px\" \/><\/figure>\n\n\n<div class=\"gb-container gb-container-1d0fedf5\">\n<div class=\"gb-container gb-container-5f4b3896 gb-accordion\">\n<div class=\"gb-container gb-container-b7353683 gb-accordion__item\" data-transition=\"slide\">\n\n<button class=\"gb-button gb-button-8d5dd8ae gb-accordion__toggle\" id=\"gb-accordion-toggle-8d5dd8ae\"><span class=\"gb-button-text\">Details<\/span><span class=\"gb-icon\"><svg xmlns=\"http:\/\/www.w3.org\/2000\/svg\" viewbox=\"0 0 448 512\" width=\"1em\" height=\"1em\" aria-hidden=\"true\" role=\"img\" class=\"gb-accordion__icon\"><path d=\"M416 208H272V64c0-17.67-14.33-32-32-32h-32c-17.67 0-32 14.33-32 32v144H32c-17.67 0-32 14.33-32 32v32c0 17.67 14.33 32 32 32h144v144c0 17.67 14.33 32 32 32h32c17.67 0 32-14.33 32-32V304h144c17.67 0 32-14.33 32-32v-32c0-17.67-14.33-32-32-32z\" fill=\"currentColor\"><\/path><\/svg><svg xmlns=\"http:\/\/www.w3.org\/2000\/svg\" viewbox=\"0 0 448 512\" width=\"1em\" height=\"1em\" aria-hidden=\"true\" role=\"img\" class=\"gb-accordion__icon-open\"><path d=\"M416 208H32c-17.67 0-32 14.33-32 32v32c0 17.67 14.33 32 32 32h384c17.67 0 32-14.33 32-32v-32c0-17.67-14.33-32-32-32z\" fill=\"currentColor\"><\/path><\/svg><\/span><\/button>\n\n\n<div id=\"gb-accordion-content-e99773ef\" class=\"gb-accordion__content\"><div class=\"gb-container gb-container-e99773ef\">\n\n<p>It is a balanced electrolyte combination that can be used for dehydration caused by diarrhea in calves. It helps calves stay healthy and supports their development. It is highly effective in developing a strong immune system and increasing resistance during transport and stress conditions.<\/p>\n\n<\/div><\/div>\n<\/div>\n<\/div>\n<\/div>\n<\/div>\n\n\n<p><\/p>","protected":false},"excerpt":{"rendered":"<p>C-Tab Effervesan Tablet Buza\u011f\u0131larda ishalin sebep oldu\u011fu dehidrasyonlarda kullan\u0131labilecek dengeli elektrolit kombinasyonudur. Buza\u011f\u0131lar\u0131n sa\u011fl\u0131kl\u0131 kalmas\u0131n\u0131 sa\u011flar ve onlar\u0131n geli\u015fimini destekler. G\u00fc\u00e7l\u00fc ba\u011f\u0131\u015f\u0131kl\u0131k geli\u015ftirmede, nakil ve stres durumlar\u0131nda d\u00fc\u015fen direncin artt\u0131r\u0131lmas\u0131nda olduk\u00e7a etkilidir.<\/p>","protected":false},"author":1,"featured_media":0,"parent":0,"menu_order":0,"comment_status":"closed","ping_status":"closed","template":"","meta":{"footnotes":""},"class_list":["post-2442","page","type-page","status-publish"],"_links":{"self":[{"href":"https:\/\/ayilac.com.tr\/en\/wp-json\/wp\/v2\/pages\/2442","targetHints":{"allow":["GET"]}}],"collection":[{"href":"https:\/\/ayilac.com.tr\/en\/wp-json\/wp\/v2\/pages"}],"about":[{"href":"https:\/\/ayilac.com.tr\/en\/wp-json\/wp\/v2\/types\/page"}],"author":[{"embeddable":true,"href":"https:\/\/ayilac.com.tr\/en\/wp-json\/wp\/v2\/users\/1"}],"replies":[{"embeddable":true,"href":"https:\/\/ayilac.com.tr\/en\/wp-json\/wp\/v2\/comments?post=2442"}],"version-history":[{"count":4,"href":"https:\/\/ayilac.com.tr\/en\/wp-json\/wp\/v2\/pages\/2442\/revisions"}],"predecessor-version":[{"id":2624,"href":"https:\/\/ayilac.com.tr\/en\/wp-json\/wp\/v2\/pages\/2442\/revisions\/2624"}],"wp:attachment":[{"href":"https:\/\/ayilac.com.tr\/en\/wp-json\/wp\/v2\/media?parent=2442"}],"curies":[{"name":"wp","href":"https:\/\/api.w.org\/{rel}","templated":true}]}}